{"id":8,"date":"2025-11-25T07:42:10","date_gmt":"2025-11-25T07:42:10","guid":{"rendered":"https:\/\/jankka.fi\/?page_id=8"},"modified":"2025-11-25T13:10:15","modified_gmt":"2025-11-25T13:10:15","slug":"etusivu","status":"publish","type":"page","link":"https:\/\/jankka.fi\/en\/","title":{"rendered":"Polttopuut Pello"},"content":{"rendered":"\n<h1 class=\"wp-block-heading\"><\/h1>\n\n\n\n<p>Laadukasta koivuklapia L\u00e4nsi-Lapista edulliseen hintaan. Nouda polttopuut tai tilaa kotiinkuljetus alueille Pello, Ylitornio, Kolari, Kittil\u00e4 ja Rovaniemi.<\/p>\n\n\n\n<h2 class=\"wp-block-heading\">Tilaa kuivaa koivuklapia &#8211; polttopuut talveksi<\/h2>\n\n\n\n<p>Tarjoamme j\u00e4lleen kuivaa koivuklapia syksyn 2025 ja kev\u00e4\u00e4n 2026 tilauksiin. Puut ovat 33 cm mittaisia ja valmiita l\u00e4mmitt\u00e4m\u00e4\u00e4n! Tilaa ajoissa ja varmista oma er\u00e4si.<\/p>\n\n\n\n<figure class=\"wp-block-image size-large\"><img loading=\"lazy\" decoding=\"async\" width=\"768\" height=\"1024\" src=\"https:\/\/jankka.fi\/wp-content\/uploads\/2025\/11\/WhatsApp-Image-2025-11-25-at-11.40.45-768x1024.jpeg\" alt=\"\" class=\"wp-image-20\" srcset=\"https:\/\/jankka.fi\/wp-content\/uploads\/2025\/11\/WhatsApp-Image-2025-11-25-at-11.40.45-768x1024.jpeg 768w, https:\/\/jankka.fi\/wp-content\/uploads\/2025\/11\/WhatsApp-Image-2025-11-25-at-11.40.45-225x300.jpeg 225w, https:\/\/jankka.fi\/wp-content\/uploads\/2025\/11\/WhatsApp-Image-2025-11-25-at-11.40.45-1152x1536.jpeg 1152w, https:\/\/jankka.fi\/wp-content\/uploads\/2025\/11\/WhatsApp-Image-2025-11-25-at-11.40.45.jpeg 1200w\" sizes=\"auto, (max-width: 767px) 89vw, (max-width: 1000px) 54vw, (max-width: 1071px) 543px, 580px\" \/><\/figure>\n\n\n\n<h3 class=\"wp-block-heading\">Toimitusvaihtoehdot ja nouto<\/h3>\n\n\n\n<p>Puut voit saada joko k\u00e4tev\u00e4sti kotiinkuljetettuna tai noutaa itse. Toimitusmuodot:<\/p>\n\n\n\n<ul class=\"wp-block-list\">\n<li><strong>1,5 kuution s\u00e4kki<\/strong> (minimi m\u00e4\u00e4r\u00e4 1 s\u00e4kki)<\/li>\n\n\n\n<li><strong>60L verkkos\u00e4kki<\/strong> ( 11 s\u00e4kki\u00e4 minimim\u00e4\u00e4r\u00e4)<\/li>\n<\/ul>\n\n\n\n<h2 class=\"wp-block-heading\"><strong>Polttopuiden hinnat<\/strong><\/h2>\n\n\n\n<h2 class=\"wp-block-heading\"><strong>(sis. alv. 25,5 %)<\/strong><\/h2>\n\n\n\n<h3 class=\"wp-block-heading\">Koivuklapi 33cm:<\/h3>\n\n\n\n<h3 class=\"wp-block-heading\">Noudettuna varastoilta:<\/h3>\n\n\n\n<ul class=\"wp-block-list\">\n<li>80 \u20ac\/heittokuutio<\/li>\n\n\n\n<li>Pienin myyt\u00e4v\u00e4 er\u00e4 on 1,5 kuutiota isoissa s\u00e4keiss\u00e4. 60L verkkos\u00e4kkien pienin m\u00e4\u00e4r\u00e4 11 s\u00e4kki\u00e4.<\/li>\n\n\n\n<li>Puut voidaan kipata s\u00e4kist\u00e4 per\u00e4k\u00e4rryyn tai nostaa koko s\u00e4kki kyytiin. Suurs\u00e4kist\u00e4 perit\u00e4\u00e4n 20 \u20ac panttimaksu.<\/li>\n<\/ul>\n\n\n\n<p>Hinnat kotiinkuljetettuna aina kuljetusmatkan ja m\u00e4\u00e4r\u00e4n mukaan. Kysy tarjous.<\/p>\n\n\n\n<figure class=\"wp-block-image size-large\"><img loading=\"lazy\" decoding=\"async\" width=\"1024\" height=\"768\" src=\"https:\/\/jankka.fi\/wp-content\/uploads\/2025\/11\/WhatsApp-Image-2025-11-25-at-11.34.21-1024x768.jpeg\" alt=\"\" class=\"wp-image-23\" srcset=\"https:\/\/jankka.fi\/wp-content\/uploads\/2025\/11\/WhatsApp-Image-2025-11-25-at-11.34.21-1024x768.jpeg 1024w, https:\/\/jankka.fi\/wp-content\/uploads\/2025\/11\/WhatsApp-Image-2025-11-25-at-11.34.21-300x225.jpeg 300w, https:\/\/jankka.fi\/wp-content\/uploads\/2025\/11\/WhatsApp-Image-2025-11-25-at-11.34.21-768x576.jpeg 768w, https:\/\/jankka.fi\/wp-content\/uploads\/2025\/11\/WhatsApp-Image-2025-11-25-at-11.34.21-1536x1152.jpeg 1536w, https:\/\/jankka.fi\/wp-content\/uploads\/2025\/11\/WhatsApp-Image-2025-11-25-at-11.34.21.jpeg 1600w\" sizes=\"auto, (max-width: 767px) 89vw, (max-width: 1000px) 54vw, (max-width: 1071px) 543px, 580px\" \/><\/figure>\n\n\n\n<h2 class=\"wp-block-heading\">Leivinuunipuut tilauksesta. Kysy tarjous !<\/h2>\n\n\n\n<figure class=\"wp-block-image size-large\"><img loading=\"lazy\" decoding=\"async\" width=\"1024\" height=\"768\" src=\"https:\/\/jankka.fi\/wp-content\/uploads\/2025\/11\/WhatsApp-Image-2025-11-25-at-11.34.05-1-1024x768.jpeg\" alt=\"\" class=\"wp-image-24\" srcset=\"https:\/\/jankka.fi\/wp-content\/uploads\/2025\/11\/WhatsApp-Image-2025-11-25-at-11.34.05-1-1024x768.jpeg 1024w, https:\/\/jankka.fi\/wp-content\/uploads\/2025\/11\/WhatsApp-Image-2025-11-25-at-11.34.05-1-300x225.jpeg 300w, https:\/\/jankka.fi\/wp-content\/uploads\/2025\/11\/WhatsApp-Image-2025-11-25-at-11.34.05-1-768x576.jpeg 768w, https:\/\/jankka.fi\/wp-content\/uploads\/2025\/11\/WhatsApp-Image-2025-11-25-at-11.34.05-1-1536x1152.jpeg 1536w, https:\/\/jankka.fi\/wp-content\/uploads\/2025\/11\/WhatsApp-Image-2025-11-25-at-11.34.05-1.jpeg 1600w\" sizes=\"auto, (max-width: 767px) 89vw, (max-width: 1000px) 54vw, (max-width: 1071px) 543px, 580px\" \/><\/figure>\n\n\n\n<p><strong>My\u00f6s tilauksesta sekapuuta saatavilla klapeina ja leivinuunipuina<\/strong><\/p>\n\n\n\n<p><\/p>\n","protected":false},"excerpt":{"rendered":"<p>Laadukasta koivuklapia L\u00e4nsi-Lapista edulliseen hintaan. Nouda polttopuut tai tilaa kotiinkuljetus alueille Pello, Ylitornio, Kolari, Kittil\u00e4 ja Rovaniemi. Tilaa kuivaa koivuklapia &#8211; polttopuut talveksi Tarjoamme j\u00e4lleen kuivaa koivuklapia syksyn 2025 ja kev\u00e4\u00e4n 2026 tilauksiin. Puut ovat 33 cm mittaisia ja valmiita l\u00e4mmitt\u00e4m\u00e4\u00e4n! Tilaa ajoissa ja varmista oma er\u00e4si. Toimitusvaihtoehdot ja nouto Puut voit saada joko k\u00e4tev\u00e4sti &hellip; <\/p>\n<p class=\"link-more\"><a href=\"https:\/\/jankka.fi\/en\/\" class=\"more-link\">Continue reading<span class=\"screen-reader-text\"> &#8220;Polttopuut Pello&#8221;<\/span><\/a><\/p>\n","protected":false},"author":1,"featured_media":0,"parent":0,"menu_order":0,"comment_status":"closed","ping_status":"closed","template":"","meta":{"pagelayer_contact_templates":[],"_pagelayer_content":"","footnotes":""},"class_list":["post-8","page","type-page","status-publish","hentry"],"_links":{"self":[{"href":"https:\/\/jankka.fi\/en\/wp-json\/wp\/v2\/pages\/8","targetHints":{"allow":["GET"]}}],"collection":[{"href":"https:\/\/jankka.fi\/en\/wp-json\/wp\/v2\/pages"}],"about":[{"href":"https:\/\/jankka.fi\/en\/wp-json\/wp\/v2\/types\/page"}],"author":[{"embeddable":true,"href":"https:\/\/jankka.fi\/en\/wp-json\/wp\/v2\/users\/1"}],"replies":[{"embeddable":true,"href":"https:\/\/jankka.fi\/en\/wp-json\/wp\/v2\/comments?post=8"}],"version-history":[{"count":11,"href":"https:\/\/jankka.fi\/en\/wp-json\/wp\/v2\/pages\/8\/revisions"}],"predecessor-version":[{"id":34,"href":"https:\/\/jankka.fi\/en\/wp-json\/wp\/v2\/pages\/8\/revisions\/34"}],"wp:attachment":[{"href":"https:\/\/jankka.fi\/en\/wp-json\/wp\/v2\/media?parent=8"}],"curies":[{"name":"wp","href":"https:\/\/api.w.org\/{rel}","templated":true}]}}